{"id":1548,"date":"2019-01-07T09:34:49","date_gmt":"2019-01-07T09:34:49","guid":{"rendered":"http:\/\/localhost\/cleanthemes\/ristorante-10\/?page_id=37"},"modified":"2020-09-17T03:17:40","modified_gmt":"2020-09-17T01:17:40","slug":"galeria","status":"publish","type":"page","link":"https:\/\/pizzeriacyklop.pl\/en\/gallery-2\/","title":{"rendered":"Gallery"},"content":{"rendered":"<div class=\"wpb-content-wrapper\"><div class=\"vc_row wpb_row vc_row-fluid wpb_animate_when_almost_visible wpb_fadeIn fadeIn vc_custom_1596474605615 vc_row-o-equal-height vc_row-o-content-middle vc_row-flex\"><div class=\"wpb_column vc_column_container vc_col-sm-3 vc_hidden-sm vc_hidden-xs\"><div class=\"vc_column-inner\"><div class=\"wpb_wrapper\"><div style=\"background-color:;height: 30px\" class=\"nicdark_section\"><\/div> <p style=\"color:#7e7e7e;padding:px;text-align:;font-size:px;line-height:px;letter-spacing: 2px;font-weight:normal\" class=\"nd_options_text_align_center_responsive_important nd_options_second_font\">OUR PHOTOS<\/p> <div style=\"background-color:;height: 10px\" class=\"nicdark_section\"><\/div> <h2 style=\"color:#7e7e7e;padding:px;text-align:;font-size:36px;line-height:36px;letter-spacing: 0px;font-weight:normal\" class=\"nd_options_text_align_center_responsive_important nd_options_first_font\">Pizzeria Cyclops<\/h2> <div style=\"background-color:;height: 15px\" class=\"nicdark_section\"><\/div> <h2 style=\"color:#7e7e7e;padding:px;text-align:;font-size:36px;line-height:36px;letter-spacing: 0px;font-weight:normal\" class=\"nd_options_text_align_center_responsive_important nd_options_first_font\">Dishes<\/h2> <div style=\"background-color:;height: 30px\" class=\"nicdark_section\"><\/div><\/div><\/div><\/div><div class=\"wpb_column vc_column_container vc_col-sm-9 vc_hidden-sm vc_hidden-xs\"><div class=\"vc_column-inner\"><div class=\"wpb_wrapper\">\n\t<div class=\"wpb_text_column wpb_content_element\" >\n\t\t<div class=\"wpb_wrapper\">\n\t\t\t<p>Experience the atmosphere of our interiors, a restaurant unique for a romantic rendezvous, but also ideal for a family dinner and child-friendly. Take a culinary journey through our dishes and seasonal specialities.<\/p>\n\n\t\t<\/div>\n\t<\/div>\n<\/div><\/div><\/div><\/div><div class=\"vc_row wpb_row vc_row-fluid wpb_animate_when_almost_visible wpb_fadeIn fadeIn vc_custom_1596474595847 vc_row-o-equal-height vc_row-o-content-middle vc_row-flex\"><div class=\"wpb_column vc_column_container vc_col-sm-3 vc_hidden-lg vc_hidden-md\"><div class=\"vc_column-inner\"><div class=\"wpb_wrapper\"><div style=\"background-color:;height: 30px\" class=\"nicdark_section\"><\/div> <p style=\"color:#7e7e7e;padding:px;text-align:;font-size:px;line-height:px;letter-spacing: 2px;font-weight:normal\" class=\"nd_options_text_align_center_responsive_important nd_options_second_font\">OUR PHOTOS<\/p> <div style=\"background-color:;height: 10px\" class=\"nicdark_section\"><\/div> <h2 style=\"color:#7e7e7e;padding:px;text-align:;font-size:36px;line-height:36px;letter-spacing: 0px;font-weight:normal\" class=\"nd_options_text_align_center_responsive_important nd_options_first_font\">Pizzeria Cyclops<\/h2> <div style=\"background-color:;height: 15px\" class=\"nicdark_section\"><\/div> <h2 style=\"color:#7e7e7e;padding:px;text-align:;font-size:36px;line-height:36px;letter-spacing: 0px;font-weight:normal\" class=\"nd_options_text_align_center_responsive_important nd_options_first_font\">Dishes<\/h2> <div style=\"background-color:;height: 30px\" class=\"nicdark_section\"><\/div><\/div><\/div><\/div><div class=\"wpb_column vc_column_container vc_col-sm-9 vc_hidden-lg vc_hidden-md\"><div class=\"vc_column-inner\"><div class=\"wpb_wrapper\">\n\t<div class=\"wpb_text_column wpb_content_element\" >\n\t\t<div class=\"wpb_wrapper\">\n\t\t\t<p style=\"text-align: center;\">Experience the atmosphere of our interiors, a restaurant unique for a romantic rendezvous, but also ideal for a family dinner and child-friendly. Take a culinary journey through our dishes and seasonal specialities.<\/p>\n\n\t\t<\/div>\n\t<\/div>\n<\/div><\/div><\/div><\/div><div class=\"vc_row wpb_row vc_row-fluid wpb_animate_when_almost_visible wpb_fadeIn fadeIn\"><div class=\"wpb_column vc_column_container vc_col-sm-4 vc_hidden-sm vc_hidden-xs\"><div class=\"vc_column-inner vc_custom_1596474341285\"><div class=\"wpb_wrapper\">\n<div class=\"vc_grid-container-wrapper vc_clearfix vc_grid-animation-fadeIn\">\n\t<div class=\"vc_grid-container vc_clearfix wpb_content_element vc_media_grid vc_custom_1596131905382\" data-initial-loading-animation=\"fadeIn\" data-vc-grid-settings=\"{&quot;page_id&quot;:1548,&quot;style&quot;:&quot;all&quot;,&quot;action&quot;:&quot;vc_get_vc_grid_data&quot;,&quot;shortcode_id&quot;:&quot;1600305411406-739b44e4-0083-8&quot;,&quot;tag&quot;:&quot;vc_media_grid&quot;}\" data-vc-request=\"https:\/\/pizzeriacyklop.pl\/wp-admin\/admin-ajax.php\" data-vc-post-id=\"1548\" data-vc-public-nonce=\"a7b73ad090\">\n\t\t\n\t<\/div>\n<\/div><\/div><\/div><\/div><div class=\"wpb_column vc_column_container vc_col-sm-4 vc_hidden-sm vc_hidden-xs\"><div class=\"vc_column-inner vc_custom_1596474348008\"><div class=\"wpb_wrapper\">\n<div class=\"vc_grid-container-wrapper vc_clearfix vc_grid-animation-fadeIn\">\n\t<div class=\"vc_grid-container vc_clearfix wpb_content_element vc_media_grid vc_custom_1596131917376\" data-initial-loading-animation=\"fadeIn\" data-vc-grid-settings=\"{&quot;page_id&quot;:1548,&quot;style&quot;:&quot;all&quot;,&quot;action&quot;:&quot;vc_get_vc_grid_data&quot;,&quot;shortcode_id&quot;:&quot;1600305411407-5d815215-ad85-2&quot;,&quot;tag&quot;:&quot;vc_media_grid&quot;}\" data-vc-request=\"https:\/\/pizzeriacyklop.pl\/wp-admin\/admin-ajax.php\" data-vc-post-id=\"1548\" data-vc-public-nonce=\"a7b73ad090\">\n\t\t\n\t<\/div>\n<\/div><\/div><\/div><\/div><div class=\"wpb_column vc_column_container vc_col-sm-4 vc_hidden-sm vc_hidden-xs\"><div class=\"vc_column-inner vc_custom_1596474354684\"><div class=\"wpb_wrapper\">\n<div class=\"vc_grid-container-wrapper vc_clearfix vc_grid-animation-fadeIn\">\n\t<div class=\"vc_grid-container vc_clearfix wpb_content_element vc_media_grid vc_custom_1596132265589\" data-initial-loading-animation=\"fadeIn\" data-vc-grid-settings=\"{&quot;page_id&quot;:1548,&quot;style&quot;:&quot;all&quot;,&quot;action&quot;:&quot;vc_get_vc_grid_data&quot;,&quot;shortcode_id&quot;:&quot;1600305411410-eaaa10f0-f024-2&quot;,&quot;tag&quot;:&quot;vc_media_grid&quot;}\" data-vc-request=\"https:\/\/pizzeriacyklop.pl\/wp-admin\/admin-ajax.php\" data-vc-post-id=\"1548\" data-vc-public-nonce=\"a7b73ad090\">\n\t\t\n\t<\/div>\n<\/div><\/div><\/div><\/div><\/div><div class=\"vc_row wpb_row vc_row-fluid wpb_animate_when_almost_visible wpb_fadeIn fadeIn\"><div class=\"wpb_column vc_column_container vc_col-sm-4 vc_hidden-lg vc_hidden-md\"><div class=\"vc_column-inner vc_custom_1596474387109\"><div class=\"wpb_wrapper\">\n<div class=\"vc_grid-container-wrapper vc_clearfix vc_grid-animation-fadeIn\">\n\t<div class=\"vc_grid-container vc_clearfix wpb_content_element vc_media_grid\" data-initial-loading-animation=\"fadeIn\" data-vc-grid-settings=\"{&quot;page_id&quot;:1548,&quot;style&quot;:&quot;all&quot;,&quot;action&quot;:&quot;vc_get_vc_grid_data&quot;,&quot;shortcode_id&quot;:&quot;1600305411411-53b41986-2aeb-1&quot;,&quot;tag&quot;:&quot;vc_media_grid&quot;}\" data-vc-request=\"https:\/\/pizzeriacyklop.pl\/wp-admin\/admin-ajax.php\" data-vc-post-id=\"1548\" data-vc-public-nonce=\"a7b73ad090\">\n\t\t\n\t<\/div>\n<\/div><div class=\"vc_empty_space\"   style=\"height: 32px\"><span class=\"vc_empty_space_inner\"><\/span><\/div><\/div><\/div><\/div><div class=\"wpb_column vc_column_container vc_col-sm-4 vc_hidden-lg vc_hidden-md\"><div class=\"vc_column-inner vc_custom_1596474372509\"><div class=\"wpb_wrapper\">\n<div class=\"vc_grid-container-wrapper vc_clearfix vc_grid-animation-fadeIn\">\n\t<div class=\"vc_grid-container vc_clearfix wpb_content_element vc_media_grid\" data-initial-loading-animation=\"fadeIn\" data-vc-grid-settings=\"{&quot;page_id&quot;:1548,&quot;style&quot;:&quot;all&quot;,&quot;action&quot;:&quot;vc_get_vc_grid_data&quot;,&quot;shortcode_id&quot;:&quot;1600305411412-8f6ccee7-e32d-4&quot;,&quot;tag&quot;:&quot;vc_media_grid&quot;}\" data-vc-request=\"https:\/\/pizzeriacyklop.pl\/wp-admin\/admin-ajax.php\" data-vc-post-id=\"1548\" data-vc-public-nonce=\"a7b73ad090\">\n\t\t\n\t<\/div>\n<\/div><div class=\"vc_empty_space\"   style=\"height: 32px\"><span class=\"vc_empty_space_inner\"><\/span><\/div><\/div><\/div><\/div><div class=\"wpb_column vc_column_container vc_col-sm-4 vc_hidden-lg vc_hidden-md\"><div class=\"vc_column-inner vc_custom_1596474380127\"><div class=\"wpb_wrapper\">\n<div class=\"vc_grid-container-wrapper vc_clearfix vc_grid-animation-fadeIn\">\n\t<div class=\"vc_grid-container vc_clearfix wpb_content_element vc_media_grid\" data-initial-loading-animation=\"fadeIn\" data-vc-grid-settings=\"{&quot;page_id&quot;:1548,&quot;style&quot;:&quot;all&quot;,&quot;action&quot;:&quot;vc_get_vc_grid_data&quot;,&quot;shortcode_id&quot;:&quot;1600305411413-b7a38d8c-75fb-9&quot;,&quot;tag&quot;:&quot;vc_media_grid&quot;}\" data-vc-request=\"https:\/\/pizzeriacyklop.pl\/wp-admin\/admin-ajax.php\" data-vc-post-id=\"1548\" data-vc-public-nonce=\"a7b73ad090\">\n\t\t\n\t<\/div>\n<\/div><\/div><\/div><\/div><\/div><div class=\"vc_row wpb_row vc_row-fluid\"><div class=\"wpb_column vc_column_container vc_col-sm-12\"><div class=\"vc_column-inner\"><div class=\"wpb_wrapper\"><div class=\"vc_empty_space\"   style=\"height: 96px\"><span class=\"vc_empty_space_inner\"><\/span><\/div><\/div><\/div><\/div><\/div>\n<\/div>","protected":false},"excerpt":{"rendered":"NASZE ZDJ\u0118CIA Pizzeria Cyklop Dania Poznaj klimat naszych wn\u0119trz, restauracji wyj\u0105tkowej na romantyczne spotkanie, ale tak\u017ce idealne na rodzinny obiad i przyjazne dzieciom. Wybierz si\u0119 w kulinarn\u0105 podr\u00f3\u017c po naszych daniach i sezonowych specja\u0142ach. NASZE ZDJ\u0118CIA Pizzeria Cyklop Dania Poznaj klimat naszych wn\u0119trz, restauracji wyj\u0105tkowej na romantyczne spotkanie, ale tak\u017ce idealne na rodzinny obiad i [...]","protected":false},"author":1,"featured_media":0,"parent":0,"menu_order":0,"comment_status":"closed","ping_status":"closed","template":"","meta":{"footnotes":""},"class_list":["post-1548","page","type-page","status-publish","hentry"],"_links":{"self":[{"href":"https:\/\/pizzeriacyklop.pl\/en\/wp-json\/wp\/v2\/pages\/1548","targetHints":{"allow":["GET"]}}],"collection":[{"href":"https:\/\/pizzeriacyklop.pl\/en\/wp-json\/wp\/v2\/pages"}],"about":[{"href":"https:\/\/pizzeriacyklop.pl\/en\/wp-json\/wp\/v2\/types\/page"}],"author":[{"embeddable":true,"href":"https:\/\/pizzeriacyklop.pl\/en\/wp-json\/wp\/v2\/users\/1"}],"replies":[{"embeddable":true,"href":"https:\/\/pizzeriacyklop.pl\/en\/wp-json\/wp\/v2\/comments?post=1548"}],"version-history":[{"count":53,"href":"https:\/\/pizzeriacyklop.pl\/en\/wp-json\/wp\/v2\/pages\/1548\/revisions"}],"predecessor-version":[{"id":3926,"href":"https:\/\/pizzeriacyklop.pl\/en\/wp-json\/wp\/v2\/pages\/1548\/revisions\/3926"}],"wp:attachment":[{"href":"https:\/\/pizzeriacyklop.pl\/en\/wp-json\/wp\/v2\/media?parent=1548"}],"curies":[{"name":"wp","href":"https:\/\/api.w.org\/{rel}","templated":true}]}}